{"id":15,"date":"2015-06-04T15:44:54","date_gmt":"2015-06-04T15:44:54","guid":{"rendered":"http:\/\/radsport-zebisch.de\/wordpress\/?page_id=15"},"modified":"2015-10-15T16:36:26","modified_gmt":"2015-10-15T16:36:26","slug":"fahrraeder","status":"publish","type":"page","link":"https:\/\/radsport-zebisch.de\/?page_id=15","title":{"rendered":"Fahrr\u00e4der"},"content":{"rendered":"<p>Eine gro\u00dfe Auswahl von R\u00e4dern finden Sie in unseren Verkaufsr\u00e4umen. Kommen Sie und schauen sich um und lassen sich beraten. Beratung ist uns wichtig, denn damit treffen Sie die bessere Wahl f\u00fcr Ihre Bed\u00fcrfnisse und Anforderungen. Falls das richtige Rad nicht vorr\u00e4tig ist, bestellen wir es zeitnah.<\/p>\n<p>Im Sortiment sind<br \/>\nMountainbikes | Crossbikes | 27\u2019\/29\u2032 Bikes | Elektror\u00e4der | Tourenr\u00e4der | Trekkingr\u00e4der | Cityr\u00e4der | Klappr\u00e4der | Jugendr\u00e4der | Kinderr\u00e4der |<\/p>\n<p>&nbsp;<\/p>\n","protected":false},"excerpt":{"rendered":"<p>Eine gro\u00dfe Auswahl von R\u00e4dern finden Sie in unseren Verkaufsr\u00e4umen. Kommen Sie und schauen sich um und lassen sich beraten. Beratung ist uns wichtig, denn damit treffen Sie die bessere Wahl f\u00fcr Ihre Bed\u00fcrfnisse und Anforderungen. Falls das richtige Rad &hellip; <a href=\"https:\/\/radsport-zebisch.de\/?page_id=15\">Weiterlesen <span class=\"meta-nav\">&rarr;<\/span><\/a><\/p>\n","protected":false},"author":1,"featured_media":74,"parent":0,"menu_order":2,"comment_status":"closed","ping_status":"closed","template":"sidebar-page.php","meta":{"footnotes":""},"_links":{"self":[{"href":"https:\/\/radsport-zebisch.de\/index.php?rest_route=\/wp\/v2\/pages\/15"}],"collection":[{"href":"https:\/\/radsport-zebisch.de\/index.php?rest_route=\/wp\/v2\/pages"}],"about":[{"href":"https:\/\/radsport-zebisch.de\/index.php?rest_route=\/wp\/v2\/types\/page"}],"author":[{"embeddable":true,"href":"https:\/\/radsport-zebisch.de\/index.php?rest_route=\/wp\/v2\/users\/1"}],"replies":[{"embeddable":true,"href":"https:\/\/radsport-zebisch.de\/index.php?rest_route=%2Fwp%2Fv2%2Fcomments&post=15"}],"version-history":[{"count":7,"href":"https:\/\/radsport-zebisch.de\/index.php?rest_route=\/wp\/v2\/pages\/15\/revisions"}],"predecessor-version":[{"id":133,"href":"https:\/\/radsport-zebisch.de\/index.php?rest_route=\/wp\/v2\/pages\/15\/revisions\/133"}],"wp:featuredmedia":[{"embeddable":true,"href":"https:\/\/radsport-zebisch.de\/index.php?rest_route=\/wp\/v2\/media\/74"}],"wp:attachment":[{"href":"https:\/\/radsport-zebisch.de\/index.php?rest_route=%2Fwp%2Fv2%2Fmedia&parent=15"}],"curies":[{"name":"wp","href":"https:\/\/api.w.org\/{rel}","templated":true}]}}