{"id":19,"date":"2015-06-04T15:46:43","date_gmt":"2015-06-04T15:46:43","guid":{"rendered":"http:\/\/radsport-zebisch.de\/wordpress\/?page_id=19"},"modified":"2023-05-08T18:54:44","modified_gmt":"2023-05-08T18:54:44","slug":"kontakt-impressum","status":"publish","type":"page","link":"https:\/\/radsport-zebisch.de\/?page_id=19","title":{"rendered":"Kontakt \/ Impressum"},"content":{"rendered":"<p class=\"Stil3\"><span class=\"Stil4\">Verkauf von Fahrr\u00e4dern und Zubeh\u00f6r | Beratung | Reparatur-Service . . . .<br \/>\n<strong>Radsport Zebisch<br \/>\nAnsprechpartnerin: Petra Zebisch<\/strong><\/span><br \/>\n<strong> Beim Metzelplatz 4<br \/>\n72108 Rottenburg am Neckar | Tel. 07472 &#8211; 23443<\/strong><\/p>\n<p class=\"Stil3\"><strong>\u00d6ffnungszeiten: Mo, Di, Do, Fr, von 10-13Uhr und 14-18 Uhr.<\/strong><\/p>\n<p>W\u00e4hrend der \u00d6ffnungszeiten k\u00f6nnen Sie gerne\u00a0 telefonisch einen Termin vereinbaren, der au\u00dferhalb der \u00d6ffnungszeiten liegt.<\/p>\n<hr \/>\n<p class=\"Stil3\">Grafik, Konzept und Umsetzung in wordpress durch <a href=\"http:\/\/www.imdialog.net\" target=\"_blank\" rel=\"noopener noreferrer\">www.imdialog.net<br \/>\n<\/a>Fotos <a href=\"http:\/\/www.heiner-lamprecht.com\/de\/\" target=\"_blank\" rel=\"noopener noreferrer\">Heiner Lamprecht<\/a> \/ Kunden \/ Produktbilder von den entsprechenden Herstellern<\/p>\n<p>und<br \/>\nPhoto by Dawid Zawi\u0142a on Unsplash<br \/>\nPhoto by Eric Crawford on Unsplash<br \/>\nPhoto by Fabrice Villard on Unsplash<\/p>\n<div class=\"_3bJ2H CHExY\">\n<div><\/div>\n<\/div>\n<hr \/>\n<p class=\"Stil3\"><strong>Impressum<\/strong><\/p>\n<p class=\"Stil3\"><span class=\"Stil4\">Radsport Zebisch<br \/>\nInhaber Elmar Zebisch<\/span><br \/>\nStadtlanggasse 36\/1\u00a0 (Beim Metzelplatz)<br \/>\n72108 Rottenburg am Neckar | Tel. 07472 &#8211; 23443<\/p>\n<p><strong>Steuernummer: 86485\/10913<\/strong><\/p>\n<p><strong>Verantwortlich f\u00fcr den Inhalt nach \u00a7 55 Abs. 2 RStV:<\/strong><br \/>\n<span class=\"Stil4\"><strong>Petra Zebisch<\/strong><\/span><br \/>\n<strong> Beim Metzelplatz 4<br \/>\n72108 Rottenburg am Neckar |<\/strong><\/p>\n<p><strong>Haftungsausschluss: <\/strong><\/p>\n<p><strong>Haftung f\u00fcr Inhalte<\/strong><\/p>\n<p>Die Inhalte unserer Seiten wurden mit gr\u00f6\u00dfter Sorgfalt erstellt. F\u00fcr die Richtigkeit, Vollst\u00e4ndigkeit und Aktualit\u00e4t der Inhalte k\u00f6nnen wir jedoch keine Gew\u00e4hr \u00fcbernehmen. Als Diensteanbieter sind wir gem\u00e4\u00df \u00a7 7 Abs.1 TMG f\u00fcr eigene Inhalte auf diesen Seiten nach den allgemeinen Gesetzen verantwortlich. Nach \u00a7\u00a7 8 bis 10 TMG sind wir als Diensteanbieter jedoch nicht verpflichtet, \u00fcbermittelte oder gespeicherte fremde Informationen zu \u00fcberwachen oder nach Umst\u00e4nden zu forschen, die auf eine rechtswidrige T\u00e4tigkeit hinweisen. Verpflichtungen zur Entfernung oder Sperrung der Nutzung von Informationen nach den allgemeinen Gesetzen bleiben hiervon unber\u00fchrt. Eine diesbez\u00fcgliche Haftung ist jedoch erst ab dem Zeitpunkt der Kenntnis einer konkreten Rechtsverletzung m\u00f6glich. Bei Bekanntwerden von entsprechenden Rechtsverletzungen werden wir diese Inhalte umgehend entfernen.<\/p>\n<p><strong>Haftung f\u00fcr Links<\/strong><\/p>\n<p>Unser Angebot enth\u00e4lt Links zu externen Webseiten Dritter, auf deren Inhalte wir keinen Einfluss haben. Deshalb k\u00f6nnen wir f\u00fcr diese fremden Inhalte auch keine Gew\u00e4hr \u00fcbernehmen. F\u00fcr die Inhalte der verlinkten Seiten ist stets der jeweilige Anbieter oder Betreiber der Seiten verantwortlich. Die verlinkten Seiten wurden zum Zeitpunkt der Verlinkung auf m\u00f6gliche Rechtsverst\u00f6\u00dfe \u00fcberpr\u00fcft. Rechtswidrige Inhalte waren zum Zeitpunkt der Verlinkung nicht erkennbar. Eine permanente inhaltliche Kontrolle der verlinkten Seiten ist jedoch ohne konkrete Anhaltspunkte einer Rechtsverletzung nicht zumutbar. Bei Bekanntwerden von Rechtsverletzungen werden wir derartige Links umgehend entfernen.<\/p>\n<p><strong>Urheberrecht<\/strong><\/p>\n<p>Die durch die Seitenbetreiber erstellten Inhalte und Werke auf diesen Seiten unterliegen dem deutschen Urheberrecht. Die Vervielf\u00e4ltigung, Bearbeitung, Verbreitung und jede Art der Verwertung au\u00dferhalb der Grenzen des Urheberrechtes bed\u00fcrfen der schriftlichen Zustimmung des jeweiligen Autors bzw. Erstellers. Downloads und Kopien dieser Seite sind nur f\u00fcr den privaten, nicht kommerziellen Gebrauch gestattet. Soweit die Inhalte auf dieser Seite nicht vom Betreiber erstellt wurden, werden die Urheberrechte Dritter beachtet. Insbesondere werden Inhalte Dritter als solche gekennzeichnet. Sollten Sie trotzdem auf eine Urheberrechtsverletzung aufmerksam werden, bitten wir um einen entsprechenden Hinweis. Bei Bekanntwerden von Rechtsverletzungen werden wir derartige Inhalte umgehend entfernen.<\/p>\n<p><strong>Datenschutzerkl\u00e4rung <a href=\"https:\/\/radsport-zebisch.de\/?page_id=351\">hier<\/a><br \/>\n<\/strong><\/p>\n<h1><\/h1>\n<div id=\"link\"><\/div>\n","protected":false},"excerpt":{"rendered":"<p>Verkauf von Fahrr\u00e4dern und Zubeh\u00f6r | Beratung | Reparatur-Service . . . . Radsport Zebisch Ansprechpartnerin: Petra Zebisch Beim Metzelplatz 4 72108 Rottenburg am Neckar | Tel. 07472 &#8211; 23443 \u00d6ffnungszeiten: Mo, Di, Do, Fr, von 10-13Uhr und 14-18 Uhr. &hellip; <a href=\"https:\/\/radsport-zebisch.de\/?page_id=19\">Weiterlesen <span class=\"meta-nav\">&rarr;<\/span><\/a><\/p>\n","protected":false},"author":1,"featured_media":77,"parent":0,"menu_order":5,"comment_status":"closed","ping_status":"closed","template":"sidebar-page.php","meta":{"footnotes":""},"_links":{"self":[{"href":"https:\/\/radsport-zebisch.de\/index.php?rest_route=\/wp\/v2\/pages\/19"}],"collection":[{"href":"https:\/\/radsport-zebisch.de\/index.php?rest_route=\/wp\/v2\/pages"}],"about":[{"href":"https:\/\/radsport-zebisch.de\/index.php?rest_route=\/wp\/v2\/types\/page"}],"author":[{"embeddable":true,"href":"https:\/\/radsport-zebisch.de\/index.php?rest_route=\/wp\/v2\/users\/1"}],"replies":[{"embeddable":true,"href":"https:\/\/radsport-zebisch.de\/index.php?rest_route=%2Fwp%2Fv2%2Fcomments&post=19"}],"version-history":[{"count":23,"href":"https:\/\/radsport-zebisch.de\/index.php?rest_route=\/wp\/v2\/pages\/19\/revisions"}],"predecessor-version":[{"id":689,"href":"https:\/\/radsport-zebisch.de\/index.php?rest_route=\/wp\/v2\/pages\/19\/revisions\/689"}],"wp:featuredmedia":[{"embeddable":true,"href":"https:\/\/radsport-zebisch.de\/index.php?rest_route=\/wp\/v2\/media\/77"}],"wp:attachment":[{"href":"https:\/\/radsport-zebisch.de\/index.php?rest_route=%2Fwp%2Fv2%2Fmedia&parent=19"}],"curies":[{"name":"wp","href":"https:\/\/api.w.org\/{rel}","templated":true}]}}